{"id":350,"date":"2018-07-28T16:07:51","date_gmt":"2018-07-28T16:07:51","guid":{"rendered":"https:\/\/manufacturer.stylemixthemes.com\/?page_id=350"},"modified":"2025-10-16T12:12:56","modified_gmt":"2025-10-16T10:12:56","slug":"contacts","status":"publish","type":"page","link":"https:\/\/www.atsclim.com\/index.php\/contacts\/","title":{"rendered":"Pose d\u00e9pannage climatisation ventilation pompe \u00e0 chaleur Ferri\u00e8res en Brie"},"content":{"rendered":"\t\t<div data-elementor-type=\"wp-post\" data-elementor-id=\"350\" class=\"elementor elementor-350\" data-elementor-settings=\"[]\">\n\t\t\t\t\t\t<div class=\"elementor-inner\">\n\t\t\t\t\t\t\t<div class=\"elementor-section-wrap\">\n\t\t\t\t\t\t\t<section class=\"elementor-section elementor-top-section elementor-element elementor-element-259d825 elementor-section-boxed elementor-section-height-default elementor-section-height-default\" data-id=\"259d825\" data-element_type=\"section\">\n\t\t\t\t\t\t<div class=\"elementor-container elementor-column-gap-default\">\n\t\t\t\t\t\t\t<div class=\"elementor-row\">\n\t\t\t\t\t<div class=\"elementor-column elementor-col-100 elementor-top-column elementor-element elementor-element-828c83e\" data-id=\"828c83e\" data-element_type=\"column\">\n\t\t\t<div class=\"elementor-column-wrap elementor-element-populated\">\n\t\t\t\t\t\t\t<div class=\"elementor-widget-wrap\">\n\t\t\t\t\t\t<div class=\"elementor-element elementor-element-06282f2 elementor-widget elementor-widget-text-editor\" data-id=\"06282f2\" data-element_type=\"widget\" data-widget_type=\"text-editor.default\">\n\t\t\t\t<div class=\"elementor-widget-container\">\n\t\t\t\t\t\t\t\t<div class=\"elementor-text-editor elementor-clearfix\">\n\t\t\t\t<p style=\"text-align: center;\">N&#8217;h\u00e9sitez pas \u00e0 nous appeler<\/p>\t\t\t\t\t<\/div>\n\t\t\t\t\t\t<\/div>\n\t\t\t\t<\/div>\n\t\t\t\t\t\t<\/div>\n\t\t\t\t\t<\/div>\n\t\t<\/div>\n\t\t\t\t\t\t\t\t<\/div>\n\t\t\t\t\t<\/div>\n\t\t<\/section>\n\t\t\t\t<section class=\"elementor-section elementor-top-section elementor-element elementor-element-5b9e617 elementor-section-height-min-height elementor-section-boxed elementor-section-height-default elementor-section-items-middle\" data-id=\"5b9e617\" data-element_type=\"section\" data-settings=\"{&quot;background_background&quot;:&quot;classic&quot;}\">\n\t\t\t\t\t\t\t<div class=\"elementor-background-overlay\"><\/div>\n\t\t\t\t\t\t\t<div class=\"elementor-container elementor-column-gap-default\">\n\t\t\t\t\t\t\t<div class=\"elementor-row\">\n\t\t\t\t\t<div class=\"elementor-column elementor-col-50 elementor-top-column elementor-element elementor-element-45d97ca\" data-id=\"45d97ca\" data-element_type=\"column\">\n\t\t\t<div class=\"elementor-column-wrap elementor-element-populated\">\n\t\t\t\t\t\t\t<div class=\"elementor-widget-wrap\">\n\t\t\t\t\t\t<div class=\"elementor-element elementor-element-433f0eb elementor-widget elementor-widget-image\" data-id=\"433f0eb\" data-element_type=\"widget\" data-settings=\"{&quot;_animation&quot;:&quot;none&quot;,&quot;_animation_delay&quot;:0}\" data-widget_type=\"image.default\">\n\t\t\t\t<div class=\"elementor-widget-container\">\n\t\t\t\t\t\t\t\t<div class=\"elementor-image\">\n\t\t\t\t\t\t\t\t\t\t\t\t<img loading=\"lazy\" decoding=\"async\" width=\"450\" height=\"303\" src=\"https:\/\/www.atsclim.com\/wp-content\/uploads\/2022\/08\/vgstudio150800169.jpg\" class=\"attachment-large size-large\" alt=\"\" srcset=\"https:\/\/www.atsclim.com\/wp-content\/uploads\/2022\/08\/vgstudio150800169.jpg 450w, https:\/\/www.atsclim.com\/wp-content\/uploads\/2022\/08\/vgstudio150800169-300x202.jpg 300w, https:\/\/www.atsclim.com\/wp-content\/uploads\/2022\/08\/vgstudio150800169-285x192.jpg 285w, https:\/\/www.atsclim.com\/wp-content\/uploads\/2022\/08\/vgstudio150800169-150x101.jpg 150w\" sizes=\"auto, (max-width: 450px) 100vw, 450px\" \/>\t\t\t\t\t\t\t\t\t\t\t\t\t\t<\/div>\n\t\t\t\t\t\t<\/div>\n\t\t\t\t<\/div>\n\t\t\t\t<div class=\"elementor-element elementor-element-f3f5b37 elementor-invisible elementor-widget elementor-widget-text-editor\" data-id=\"f3f5b37\" data-element_type=\"widget\" data-settings=\"{&quot;_animation&quot;:&quot;zoomIn&quot;,&quot;_animation_delay&quot;:3300}\" data-widget_type=\"text-editor.default\">\n\t\t\t\t<div class=\"elementor-widget-container\">\n\t\t\t\t\t\t\t\t<div class=\"elementor-text-editor elementor-clearfix\">\n\t\t\t\t<p style=\"text-align: center;\">Appelez-nous<\/p>\t\t\t\t\t<\/div>\n\t\t\t\t\t\t<\/div>\n\t\t\t\t<\/div>\n\t\t\t\t\t\t<\/div>\n\t\t\t\t\t<\/div>\n\t\t<\/div>\n\t\t\t\t<div class=\"elementor-column elementor-col-50 elementor-top-column elementor-element elementor-element-a78266a\" data-id=\"a78266a\" data-element_type=\"column\">\n\t\t\t<div class=\"elementor-column-wrap elementor-element-populated\">\n\t\t\t\t\t\t\t<div class=\"elementor-widget-wrap\">\n\t\t\t\t\t\t<div class=\"elementor-element elementor-element-59eab00 elementor-widget elementor-widget-heading\" data-id=\"59eab00\" data-element_type=\"widget\" data-settings=\"{&quot;_animation&quot;:&quot;none&quot;}\" data-widget_type=\"heading.default\">\n\t\t\t\t<div class=\"elementor-widget-container\">\n\t\t\t<h2 class=\"elementor-heading-title elementor-size-default elementor-heading-title elementor-size-default\">Infos pratiques<\/h2>\t\t<\/div>\n\t\t\t\t<\/div>\n\t\t\t\t<div class=\"elementor-element elementor-element-725428e elementor-invisible elementor-widget elementor-widget-heading\" data-id=\"725428e\" data-element_type=\"widget\" data-settings=\"{&quot;_animation&quot;:&quot;fadeInRight&quot;,&quot;_animation_delay&quot;:600}\" data-widget_type=\"heading.default\">\n\t\t\t\t<div class=\"elementor-widget-container\">\n\t\t\t<span class=\"elementor-heading-title elementor-size-default elementor-heading-title elementor-size-default\"><i class=\"ti-headphone-alt\"><\/i><span><b>Standard et SAV H24\/7j<\/b><br>\n01 49 77 54 54 - 01 49 77 90 96\n<\/span><\/span>\t\t<\/div>\n\t\t\t\t<\/div>\n\t\t\t\t<div class=\"elementor-element elementor-element-fa005d2 elementor-invisible elementor-widget elementor-widget-heading\" data-id=\"fa005d2\" data-element_type=\"widget\" data-settings=\"{&quot;_animation&quot;:&quot;fadeInRight&quot;,&quot;_animation_delay&quot;:1500}\" data-widget_type=\"heading.default\">\n\t\t\t\t<div class=\"elementor-widget-container\">\n\t\t\t<span class=\"elementor-heading-title elementor-size-default elementor-heading-title elementor-size-default\"><i class=\"ti-location-pin\"><\/i><span><b>Ateliers &amp; service commercial <\/b><br>\n2 Av. Graham Bell, 77600 Bussy-Saint-Georges<br><\/span><\/span>\t\t<\/div>\n\t\t\t\t<\/div>\n\t\t\t\t<div class=\"elementor-element elementor-element-38d74b9 elementor-invisible elementor-widget elementor-widget-heading\" data-id=\"38d74b9\" data-element_type=\"widget\" data-settings=\"{&quot;_animation&quot;:&quot;fadeInRight&quot;,&quot;_animation_delay&quot;:1800}\" data-widget_type=\"heading.default\">\n\t\t\t\t<div class=\"elementor-widget-container\">\n\t\t\t<span class=\"elementor-heading-title elementor-size-default elementor-heading-title elementor-size-default\"><i class=\"ti-alarm-clock\"><\/i><span><b>Horaires d'ouverture  <\/b><br>\nDu lundi au vendredi : 8h - 17h\n<br>(16h le vendredi)\n<br> Ferm\u00e9 le midi et le week-end<\/span><\/span>\t\t<\/div>\n\t\t\t\t<\/div>\n\t\t\t\t<div class=\"elementor-element elementor-element-219a565 elementor-invisible elementor-widget elementor-widget-heading\" data-id=\"219a565\" data-element_type=\"widget\" data-settings=\"{&quot;_animation&quot;:&quot;fadeInRight&quot;,&quot;_animation_delay&quot;:2100}\" data-widget_type=\"heading.default\">\n\t\t\t\t<div class=\"elementor-widget-container\">\n\t\t\t<span class=\"elementor-heading-title elementor-size-default elementor-heading-title elementor-size-default\"><i class=\"ti-truck\"><\/i><span><p><b>Livraison fournisseurs<\/b><br>Livraison par camion l\u00e9ger ou semi-remorque 38 tonnes avec hayon aux horaires ci-dessus<br><\/p><\/span><\/span>\t\t<\/div>\n\t\t\t\t<\/div>\n\t\t\t\t\t\t<\/div>\n\t\t\t\t\t<\/div>\n\t\t<\/div>\n\t\t\t\t\t\t\t\t<\/div>\n\t\t\t\t\t<\/div>\n\t\t<\/section>\n\t\t\t\t<section class=\"elementor-section elementor-top-section elementor-element elementor-element-28257d3 elementor-section-height-min-height elementor-section-boxed elementor-section-height-default elementor-section-items-middle\" data-id=\"28257d3\" data-element_type=\"section\" data-settings=\"{&quot;background_background&quot;:&quot;classic&quot;}\">\n\t\t\t\t\t\t\t<div class=\"elementor-background-overlay\"><\/div>\n\t\t\t\t\t\t\t<div class=\"elementor-container elementor-column-gap-default\">\n\t\t\t\t\t\t\t<div class=\"elementor-row\">\n\t\t\t\t\t<div class=\"elementor-column elementor-col-100 elementor-top-column elementor-element elementor-element-a599fc0\" data-id=\"a599fc0\" data-element_type=\"column\">\n\t\t\t<div class=\"elementor-column-wrap elementor-element-populated\">\n\t\t\t\t\t\t\t<div class=\"elementor-widget-wrap\">\n\t\t\t\t\t\t<div class=\"elementor-element elementor-element-4ec3ef4 elementor-widget elementor-widget-heading\" data-id=\"4ec3ef4\" data-element_type=\"widget\" data-settings=\"{&quot;_animation&quot;:&quot;none&quot;,&quot;_animation_delay&quot;:300}\" data-widget_type=\"heading.default\">\n\t\t\t\t<div class=\"elementor-widget-container\">\n\t\t\t<h2 class=\"elementor-heading-title elementor-size-default elementor-heading-title elementor-size-default\">Formulaire de contact<\/h2>\t\t<\/div>\n\t\t\t\t<\/div>\n\t\t\t\t<div class=\"elementor-element elementor-element-8e55887 elementor-invisible elementor-widget elementor-widget-shortcode\" data-id=\"8e55887\" data-element_type=\"widget\" data-settings=\"{&quot;_animation&quot;:&quot;rubberBand&quot;,&quot;_animation_delay&quot;:600}\" data-widget_type=\"shortcode.default\">\n\t\t\t\t<div class=\"elementor-widget-container\">\n\t\t\t\t\t<div class=\"elementor-shortcode\"><div role=\"form\" class=\"wpcf7\" id=\"wpcf7-f1084-o1\" lang=\"en-US\" dir=\"ltr\">\n<div class=\"screen-reader-response\"><p role=\"status\" aria-live=\"polite\" aria-atomic=\"true\"><\/p> <ul><\/ul><\/div>\n<form action=\"\/index.php\/wp-json\/wp\/v2\/pages\/350#wpcf7-f1084-o1\" method=\"post\" class=\"wpcf7-form init\" novalidate=\"novalidate\" data-status=\"init\">\n<div style=\"display: none;\">\n<input type=\"hidden\" name=\"_wpcf7\" value=\"1084\" \/>\n<input type=\"hidden\" name=\"_wpcf7_version\" value=\"5.4.2\" \/>\n<input type=\"hidden\" name=\"_wpcf7_locale\" value=\"en_US\" \/>\n<input type=\"hidden\" name=\"_wpcf7_unit_tag\" value=\"wpcf7-f1084-o1\" \/>\n<input type=\"hidden\" name=\"_wpcf7_container_post\" value=\"0\" \/>\n<input type=\"hidden\" name=\"_wpcf7_posted_data_hash\" value=\"\" \/>\n<\/div>\n<div class=\"row\">\n<div class=\"col-md-6\">\n\t\t<span class=\"wpcf7-form-control-wrap your-name\"><input type=\"text\" name=\"your-name\" value=\"\" size=\"40\" class=\"wpcf7-form-control wpcf7-text wpcf7-validates-as-required\" aria-required=\"true\" aria-invalid=\"false\" placeholder=\"Nom\" \/><\/span>\n\t<\/div>\n<div class=\"col-md-6\">\n\t\t<span class=\"wpcf7-form-control-wrap company\"><input type=\"text\" name=\"company\" value=\"\" size=\"40\" class=\"wpcf7-form-control wpcf7-text\" aria-invalid=\"false\" placeholder=\"Entreprise\" \/><\/span>\n\t<\/div>\n<\/div>\n<div class=\"row\">\n<div class=\"col-md-6\">\n\t\t<span class=\"wpcf7-form-control-wrap mail\"><input type=\"text\" name=\"mail\" value=\"\" size=\"40\" class=\"wpcf7-form-control wpcf7-text wpcf7-validates-as-required\" aria-required=\"true\" aria-invalid=\"false\" placeholder=\"E-mail\" \/><\/span>\n\t<\/div>\n<div class=\"col-md-6\">\n\t\t<span class=\"wpcf7-form-control-wrap phone\"><input type=\"text\" name=\"phone\" value=\"\" size=\"40\" class=\"wpcf7-form-control wpcf7-text\" aria-invalid=\"false\" placeholder=\"T\u00e9l\u00e9phone\" \/><\/span>\n\t<\/div>\n<\/div>\n<div class=\"row\">\n<div class=\"col-md-12\">\n\t\t<span class=\"wpcf7-form-control-wrap Help\"><textarea name=\"Help\" cols=\"40\" rows=\"10\" class=\"wpcf7-form-control wpcf7-textarea\" aria-invalid=\"false\" placeholder=\"Votre message\"><\/textarea><\/span>\n\t<\/div>\n<\/div>\n<p><input type=\"submit\" value=\"Envoyer\" class=\"wpcf7-form-control wpcf7-submit\" \/><\/p>\n<div class=\"wpcf7-response-output\" aria-hidden=\"true\"><\/div><\/form><\/div><\/div>\n\t\t\t\t<\/div>\n\t\t\t\t<\/div>\n\t\t\t\t\t\t<\/div>\n\t\t\t\t\t<\/div>\n\t\t<\/div>\n\t\t\t\t\t\t\t\t<\/div>\n\t\t\t\t\t<\/div>\n\t\t<\/section>\n\t\t\t\t<section class=\"elementor-section elementor-top-section elementor-element elementor-element-5ed52a7 elementor-section-full_width elementor-section-height-default elementor-section-height-default\" data-id=\"5ed52a7\" data-element_type=\"section\">\n\t\t\t\t\t\t<div class=\"elementor-container elementor-column-gap-default\">\n\t\t\t\t\t\t\t<div class=\"elementor-row\">\n\t\t\t\t\t<div class=\"elementor-column elementor-col-100 elementor-top-column elementor-element elementor-element-eff9a8e\" data-id=\"eff9a8e\" data-element_type=\"column\">\n\t\t\t<div class=\"elementor-column-wrap elementor-element-populated\">\n\t\t\t\t\t\t\t<div class=\"elementor-widget-wrap\">\n\t\t\t\t\t\t<div class=\"elementor-element elementor-element-bd1f782 elementor-widget elementor-widget-google_maps\" data-id=\"bd1f782\" data-element_type=\"widget\" data-settings=\"{&quot;_animation&quot;:&quot;none&quot;}\" data-widget_type=\"google_maps.default\">\n\t\t\t\t<div class=\"elementor-widget-container\">\n\t\t\t\t\t<div class=\"elementor-custom-embed\">\n\t\t\t<iframe frameborder=\"0\" scrolling=\"no\" marginheight=\"0\" marginwidth=\"0\"\n\t\t\t\t\tsrc=\"https:\/\/maps.google.com\/maps?q=2%20avenue%20Graham%20Bell%2077600%20BUSSY%20SAINT%20GEORGES&#038;t=m&#038;z=11&#038;output=embed&#038;iwloc=near\"\n\t\t\t\t\ttitle=\"2 avenue Graham Bell 77600 BUSSY SAINT GEORGES\"\n\t\t\t\t\taria-label=\"2 avenue Graham Bell 77600 BUSSY SAINT GEORGES\"\n\t\t\t><\/iframe>\n\t\t<\/div>\n\t\t\t\t<\/div>\n\t\t\t\t<\/div>\n\t\t\t\t\t\t<\/div>\n\t\t\t\t\t<\/div>\n\t\t<\/div>\n\t\t\t\t\t\t\t\t<\/div>\n\t\t\t\t\t<\/div>\n\t\t<\/section>\n\t\t\t\t\t\t<\/div>\n\t\t\t\t\t\t<\/div>\n\t\t\t\t\t<\/div>\n\t\t","protected":false},"excerpt":{"rendered":"<p>N&#8217;h\u00e9sitez pas \u00e0 nous appeler Appelez-nous Infos pratiques Standard et SAV H24\/7j 01 49 77 54 54 &#8211;&#8230;<\/p>\n","protected":false},"author":1,"featured_media":0,"parent":0,"menu_order":0,"comment_status":"closed","ping_status":"closed","template":"elementor_header_footer","meta":{"footnotes":""},"class_list":["post-350","page","type-page","status-publish","hentry"],"yoast_head":"<!-- This site is optimized with the Yoast SEO plugin v26.0 - https:\/\/yoast.com\/wordpress\/plugins\/seo\/ -->\n<title>Pose d\u00e9pannage climatisation ventilation pompe \u00e0 chaleur Ferri\u00e8res en Brie - ATS<\/title>\n<meta name=\"robots\" content=\"index, follow, max-snippet:-1, max-image-preview:large, max-video-preview:-1\" \/>\n<link rel=\"canonical\" href=\"https:\/\/www.atsclim.com\/index.php\/contacts\/\" \/>\n<meta property=\"og:locale\" content=\"fr_FR\" \/>\n<meta property=\"og:type\" content=\"article\" \/>\n<meta property=\"og:title\" content=\"Pose d\u00e9pannage climatisation ventilation pompe \u00e0 chaleur Ferri\u00e8res en Brie - ATS\" \/>\n<meta property=\"og:description\" content=\"N&#8217;h\u00e9sitez pas \u00e0 nous appeler Appelez-nous Infos pratiques Standard et SAV H24\/7j 01 49 77 54 54 &#8211;...\" \/>\n<meta property=\"og:url\" content=\"https:\/\/www.atsclim.com\/index.php\/contacts\/\" \/>\n<meta property=\"og:site_name\" content=\"ATS\" \/>\n<meta property=\"article:modified_time\" content=\"2025-10-16T10:12:56+00:00\" \/>\n<meta property=\"og:image\" content=\"https:\/\/www.atsclim.com\/wp-content\/uploads\/2022\/08\/vgstudio150800169.jpg\" \/>\n<meta name=\"twitter:card\" content=\"summary_large_image\" \/>\n<meta name=\"twitter:label1\" content=\"Dur\u00e9e de lecture estim\u00e9e\" \/>\n\t<meta name=\"twitter:data1\" content=\"1 minute\" \/>\n<script type=\"application\/ld+json\" class=\"yoast-schema-graph\">{\"@context\":\"https:\/\/schema.org\",\"@graph\":[{\"@type\":\"WebPage\",\"@id\":\"https:\/\/www.atsclim.com\/index.php\/contacts\/\",\"url\":\"https:\/\/www.atsclim.com\/index.php\/contacts\/\",\"name\":\"Pose d\u00e9pannage climatisation ventilation pompe \u00e0 chaleur Ferri\u00e8res en Brie - ATS\",\"isPartOf\":{\"@id\":\"https:\/\/www.atsclim.com\/#website\"},\"primaryImageOfPage\":{\"@id\":\"https:\/\/www.atsclim.com\/index.php\/contacts\/#primaryimage\"},\"image\":{\"@id\":\"https:\/\/www.atsclim.com\/index.php\/contacts\/#primaryimage\"},\"thumbnailUrl\":\"https:\/\/www.atsclim.com\/wp-content\/uploads\/2022\/08\/vgstudio150800169.jpg\",\"datePublished\":\"2018-07-28T16:07:51+00:00\",\"dateModified\":\"2025-10-16T10:12:56+00:00\",\"breadcrumb\":{\"@id\":\"https:\/\/www.atsclim.com\/index.php\/contacts\/#breadcrumb\"},\"inLanguage\":\"fr-FR\",\"potentialAction\":[{\"@type\":\"ReadAction\",\"target\":[\"https:\/\/www.atsclim.com\/index.php\/contacts\/\"]}]},{\"@type\":\"ImageObject\",\"inLanguage\":\"fr-FR\",\"@id\":\"https:\/\/www.atsclim.com\/index.php\/contacts\/#primaryimage\",\"url\":\"https:\/\/www.atsclim.com\/wp-content\/uploads\/2022\/08\/vgstudio150800169.jpg\",\"contentUrl\":\"https:\/\/www.atsclim.com\/wp-content\/uploads\/2022\/08\/vgstudio150800169.jpg\",\"width\":450,\"height\":303},{\"@type\":\"BreadcrumbList\",\"@id\":\"https:\/\/www.atsclim.com\/index.php\/contacts\/#breadcrumb\",\"itemListElement\":[{\"@type\":\"ListItem\",\"position\":1,\"name\":\"Accueil\",\"item\":\"https:\/\/www.atsclim.com\/\"},{\"@type\":\"ListItem\",\"position\":2,\"name\":\"Pose d\u00e9pannage climatisation ventilation pompe \u00e0 chaleur Ferri\u00e8res en Brie\"}]},{\"@type\":\"WebSite\",\"@id\":\"https:\/\/www.atsclim.com\/#website\",\"url\":\"https:\/\/www.atsclim.com\/\",\"name\":\"ATS\",\"description\":\"L&#039;installation d&#039;\u00e9quipements de climatisation et chauffage\",\"publisher\":{\"@id\":\"https:\/\/www.atsclim.com\/#organization\"},\"potentialAction\":[{\"@type\":\"SearchAction\",\"target\":{\"@type\":\"EntryPoint\",\"urlTemplate\":\"https:\/\/www.atsclim.com\/?s={search_term_string}\"},\"query-input\":{\"@type\":\"PropertyValueSpecification\",\"valueRequired\":true,\"valueName\":\"search_term_string\"}}],\"inLanguage\":\"fr-FR\"},{\"@type\":\"Organization\",\"@id\":\"https:\/\/www.atsclim.com\/#organization\",\"name\":\"ATS\",\"url\":\"https:\/\/www.atsclim.com\/\",\"logo\":{\"@type\":\"ImageObject\",\"inLanguage\":\"fr-FR\",\"@id\":\"https:\/\/www.atsclim.com\/#\/schema\/logo\/image\/\",\"url\":\"https:\/\/www.atsclim.com\/wp-content\/uploads\/2019\/10\/cropped-LOGO-ATS-pour-le-web-800px-2.png\",\"contentUrl\":\"https:\/\/www.atsclim.com\/wp-content\/uploads\/2019\/10\/cropped-LOGO-ATS-pour-le-web-800px-2.png\",\"width\":772,\"height\":377,\"caption\":\"ATS\"},\"image\":{\"@id\":\"https:\/\/www.atsclim.com\/#\/schema\/logo\/image\/\"}}]}<\/script>\n<!-- \/ Yoast SEO plugin. -->","yoast_head_json":{"title":"Pose d\u00e9pannage climatisation ventilation pompe \u00e0 chaleur Ferri\u00e8res en Brie - ATS","robots":{"index":"index","follow":"follow","max-snippet":"max-snippet:-1","max-image-preview":"max-image-preview:large","max-video-preview":"max-video-preview:-1"},"canonical":"https:\/\/www.atsclim.com\/index.php\/contacts\/","og_locale":"fr_FR","og_type":"article","og_title":"Pose d\u00e9pannage climatisation ventilation pompe \u00e0 chaleur Ferri\u00e8res en Brie - ATS","og_description":"N&#8217;h\u00e9sitez pas \u00e0 nous appeler Appelez-nous Infos pratiques Standard et SAV H24\/7j 01 49 77 54 54 &#8211;...","og_url":"https:\/\/www.atsclim.com\/index.php\/contacts\/","og_site_name":"ATS","article_modified_time":"2025-10-16T10:12:56+00:00","og_image":[{"url":"https:\/\/www.atsclim.com\/wp-content\/uploads\/2022\/08\/vgstudio150800169.jpg","type":"","width":"","height":""}],"twitter_card":"summary_large_image","twitter_misc":{"Dur\u00e9e de lecture estim\u00e9e":"1 minute"},"schema":{"@context":"https:\/\/schema.org","@graph":[{"@type":"WebPage","@id":"https:\/\/www.atsclim.com\/index.php\/contacts\/","url":"https:\/\/www.atsclim.com\/index.php\/contacts\/","name":"Pose d\u00e9pannage climatisation ventilation pompe \u00e0 chaleur Ferri\u00e8res en Brie - ATS","isPartOf":{"@id":"https:\/\/www.atsclim.com\/#website"},"primaryImageOfPage":{"@id":"https:\/\/www.atsclim.com\/index.php\/contacts\/#primaryimage"},"image":{"@id":"https:\/\/www.atsclim.com\/index.php\/contacts\/#primaryimage"},"thumbnailUrl":"https:\/\/www.atsclim.com\/wp-content\/uploads\/2022\/08\/vgstudio150800169.jpg","datePublished":"2018-07-28T16:07:51+00:00","dateModified":"2025-10-16T10:12:56+00:00","breadcrumb":{"@id":"https:\/\/www.atsclim.com\/index.php\/contacts\/#breadcrumb"},"inLanguage":"fr-FR","potentialAction":[{"@type":"ReadAction","target":["https:\/\/www.atsclim.com\/index.php\/contacts\/"]}]},{"@type":"ImageObject","inLanguage":"fr-FR","@id":"https:\/\/www.atsclim.com\/index.php\/contacts\/#primaryimage","url":"https:\/\/www.atsclim.com\/wp-content\/uploads\/2022\/08\/vgstudio150800169.jpg","contentUrl":"https:\/\/www.atsclim.com\/wp-content\/uploads\/2022\/08\/vgstudio150800169.jpg","width":450,"height":303},{"@type":"BreadcrumbList","@id":"https:\/\/www.atsclim.com\/index.php\/contacts\/#breadcrumb","itemListElement":[{"@type":"ListItem","position":1,"name":"Accueil","item":"https:\/\/www.atsclim.com\/"},{"@type":"ListItem","position":2,"name":"Pose d\u00e9pannage climatisation ventilation pompe \u00e0 chaleur Ferri\u00e8res en Brie"}]},{"@type":"WebSite","@id":"https:\/\/www.atsclim.com\/#website","url":"https:\/\/www.atsclim.com\/","name":"ATS","description":"L&#039;installation d&#039;\u00e9quipements de climatisation et chauffage","publisher":{"@id":"https:\/\/www.atsclim.com\/#organization"},"potentialAction":[{"@type":"SearchAction","target":{"@type":"EntryPoint","urlTemplate":"https:\/\/www.atsclim.com\/?s={search_term_string}"},"query-input":{"@type":"PropertyValueSpecification","valueRequired":true,"valueName":"search_term_string"}}],"inLanguage":"fr-FR"},{"@type":"Organization","@id":"https:\/\/www.atsclim.com\/#organization","name":"ATS","url":"https:\/\/www.atsclim.com\/","logo":{"@type":"ImageObject","inLanguage":"fr-FR","@id":"https:\/\/www.atsclim.com\/#\/schema\/logo\/image\/","url":"https:\/\/www.atsclim.com\/wp-content\/uploads\/2019\/10\/cropped-LOGO-ATS-pour-le-web-800px-2.png","contentUrl":"https:\/\/www.atsclim.com\/wp-content\/uploads\/2019\/10\/cropped-LOGO-ATS-pour-le-web-800px-2.png","width":772,"height":377,"caption":"ATS"},"image":{"@id":"https:\/\/www.atsclim.com\/#\/schema\/logo\/image\/"}}]}},"_links":{"self":[{"href":"https:\/\/www.atsclim.com\/index.php\/wp-json\/wp\/v2\/pages\/350","targetHints":{"allow":["GET"]}}],"collection":[{"href":"https:\/\/www.atsclim.com\/index.php\/wp-json\/wp\/v2\/pages"}],"about":[{"href":"https:\/\/www.atsclim.com\/index.php\/wp-json\/wp\/v2\/types\/page"}],"author":[{"embeddable":true,"href":"https:\/\/www.atsclim.com\/index.php\/wp-json\/wp\/v2\/users\/1"}],"replies":[{"embeddable":true,"href":"https:\/\/www.atsclim.com\/index.php\/wp-json\/wp\/v2\/comments?post=350"}],"version-history":[{"count":180,"href":"https:\/\/www.atsclim.com\/index.php\/wp-json\/wp\/v2\/pages\/350\/revisions"}],"predecessor-version":[{"id":7263,"href":"https:\/\/www.atsclim.com\/index.php\/wp-json\/wp\/v2\/pages\/350\/revisions\/7263"}],"wp:attachment":[{"href":"https:\/\/www.atsclim.com\/index.php\/wp-json\/wp\/v2\/media?parent=350"}],"curies":[{"name":"wp","href":"https:\/\/api.w.org\/{rel}","templated":true}]}}